{"id":286,"date":"2015-12-03T20:23:57","date_gmt":"2015-12-03T18:23:57","guid":{"rendered":"http:\/\/tmikitola.fi\/new\/?page_id=286"},"modified":"2016-10-27T19:27:34","modified_gmt":"2016-10-27T17:27:34","slug":"tyoyhteisojen-kehittaminen","status":"publish","type":"page","link":"http:\/\/tmikitola.fi\/new\/tyoyhteisojen-kehittaminen\/","title":{"rendered":"Ty\u00f6yhteis\u00f6jen kehitt\u00e4minen"},"content":{"rendered":"","protected":false},"excerpt":{"rendered":"","protected":false},"author":1,"featured_media":421,"parent":0,"menu_order":0,"comment_status":"open","ping_status":"open","template":"","meta":{"footnotes":""},"class_list":["post-286","page","type-page","status-publish","has-post-thumbnail","hentry"],"_links":{"self":[{"href":"http:\/\/tmikitola.fi\/new\/wp-json\/wp\/v2\/pages\/286","targetHints":{"allow":["GET"]}}],"collection":[{"href":"http:\/\/tmikitola.fi\/new\/wp-json\/wp\/v2\/pages"}],"about":[{"href":"http:\/\/tmikitola.fi\/new\/wp-json\/wp\/v2\/types\/page"}],"author":[{"embeddable":true,"href":"http:\/\/tmikitola.fi\/new\/wp-json\/wp\/v2\/users\/1"}],"replies":[{"embeddable":true,"href":"http:\/\/tmikitola.fi\/new\/wp-json\/wp\/v2\/comments?post=286"}],"version-history":[{"count":4,"href":"http:\/\/tmikitola.fi\/new\/wp-json\/wp\/v2\/pages\/286\/revisions"}],"predecessor-version":[{"id":333,"href":"http:\/\/tmikitola.fi\/new\/wp-json\/wp\/v2\/pages\/286\/revisions\/333"}],"wp:featuredmedia":[{"embeddable":true,"href":"http:\/\/tmikitola.fi\/new\/wp-json\/wp\/v2\/media\/421"}],"wp:attachment":[{"href":"http:\/\/tmikitola.fi\/new\/wp-json\/wp\/v2\/media?parent=286"}],"curies":[{"name":"wp","href":"https:\/\/api.w.org\/{rel}","templated":true}]}}